{"id":2504,"date":"2024-06-15T10:18:11","date_gmt":"2024-06-15T08:18:11","guid":{"rendered":"https:\/\/mavitalitude.fr\/cd\/?post_type=product&#038;p=2504"},"modified":"2025-02-01T16:11:01","modified_gmt":"2025-02-01T15:11:01","slug":"suivi-naturopathique","status":"publish","type":"product","link":"https:\/\/mavitalitude.fr\/cd\/produit\/suivi-naturopathique\/","title":{"rendered":"Suivi naturopathie"},"content":{"rendered":"<p>La s\u00e9ance de suivi en naturopathie est d\u00e9di\u00e9e \u00e0 \u00e9valuer les progr\u00e8s r\u00e9alis\u00e9s depuis la premi\u00e8re consultation. Nous passons en revue vos ressentis, les changements observ\u00e9s, et les \u00e9ventuelles difficult\u00e9s rencontr\u00e9es dans l&rsquo;application des conseils donn\u00e9s. En fonction de votre \u00e9volution, le programme personnalis\u00e9 est ajust\u00e9 pour mieux r\u00e9pondre \u00e0 vos besoins. Cette s\u00e9ance peut inclure des recommandations suppl\u00e9mentaires en mati\u00e8re de nutrition, d&rsquo;exercices physiques, ou de gestion du stress, ainsi que l&rsquo;introduction de nouvelles approches naturopathiques pour soutenir votre chemin vers un mieux-\u00eatre durable.<\/p>\n","protected":false},"excerpt":{"rendered":"<p>La s\u00e9ance de suivi en naturopathie est d\u00e9di\u00e9e \u00e0 \u00e9valuer les progr\u00e8s r\u00e9alis\u00e9s depuis la premi\u00e8re consultation. Nous passons en revue vos ressentis, les changements observ\u00e9s, et les \u00e9ventuelles difficult\u00e9s rencontr\u00e9es dans l&rsquo;application des conseils donn\u00e9s. En fonction de votre \u00e9volution, le programme personnalis\u00e9 est ajust\u00e9 pour mieux r\u00e9pondre \u00e0 vos besoins. Cette s\u00e9ance peut [&hellip;]<\/p>\n","protected":false},"featured_media":762,"template":"","meta":{"ocean_post_layout":"full-width","ocean_both_sidebars_style":"","ocean_both_sidebars_content_width":0,"ocean_both_sidebars_sidebars_width":0,"ocean_sidebar":"0","ocean_second_sidebar":"0","ocean_disable_margins":"on","ocean_add_body_class":"","ocean_shortcode_before_top_bar":"","ocean_shortcode_after_top_bar":"","ocean_shortcode_before_header":"","ocean_shortcode_after_header":"","ocean_has_shortcode":"","ocean_shortcode_after_title":"","ocean_shortcode_before_footer_widgets":"","ocean_shortcode_after_footer_widgets":"","ocean_shortcode_before_footer_bottom":"","ocean_shortcode_after_footer_bottom":"","ocean_display_top_bar":"default","ocean_display_header":"default","ocean_header_style":"","ocean_center_header_left_menu":"0","ocean_custom_header_template":"0","ocean_custom_logo":0,"ocean_custom_retina_logo":0,"ocean_custom_logo_max_width":0,"ocean_custom_logo_tablet_max_width":0,"ocean_custom_logo_mobile_max_width":0,"ocean_custom_logo_max_height":0,"ocean_custom_logo_tablet_max_height":0,"ocean_custom_logo_mobile_max_height":0,"ocean_header_custom_menu":"0","ocean_menu_typo_font_family":"0","ocean_menu_typo_font_subset":"","ocean_menu_typo_font_size":0,"ocean_menu_typo_font_size_tablet":0,"ocean_menu_typo_font_size_mobile":0,"ocean_menu_typo_font_size_unit":"px","ocean_menu_typo_font_weight":"","ocean_menu_typo_font_weight_tablet":"","ocean_menu_typo_font_weight_mobile":"","ocean_menu_typo_transform":"","ocean_menu_typo_transform_tablet":"","ocean_menu_typo_transform_mobile":"","ocean_menu_typo_line_height":0,"ocean_menu_typo_line_height_tablet":0,"ocean_menu_typo_line_height_mobile":0,"ocean_menu_typo_line_height_unit":"","ocean_menu_typo_spacing":0,"ocean_menu_typo_spacing_tablet":0,"ocean_menu_typo_spacing_mobile":0,"ocean_menu_typo_spacing_unit":"","ocean_menu_link_color":"","ocean_menu_link_color_hover":"","ocean_menu_link_color_active":"","ocean_menu_link_background":"","ocean_menu_link_hover_background":"","ocean_menu_link_active_background":"","ocean_menu_social_links_bg":"","ocean_menu_social_hover_links_bg":"","ocean_menu_social_links_color":"","ocean_menu_social_hover_links_color":"","ocean_disable_title":"on","ocean_disable_heading":"default","ocean_post_title":"","ocean_post_subheading":"","ocean_post_title_style":"","ocean_post_title_background_color":"","ocean_post_title_background":0,"ocean_post_title_bg_image_position":"","ocean_post_title_bg_image_attachment":"","ocean_post_title_bg_image_repeat":"","ocean_post_title_bg_image_size":"","ocean_post_title_height":0,"ocean_post_title_bg_overlay":0.5,"ocean_post_title_bg_overlay_color":"","ocean_disable_breadcrumbs":"default","ocean_breadcrumbs_color":"","ocean_breadcrumbs_separator_color":"","ocean_breadcrumbs_links_color":"","ocean_breadcrumbs_links_hover_color":"","ocean_display_footer_widgets":"default","ocean_display_footer_bottom":"default","ocean_custom_footer_template":"0"},"product_brand":[],"product_cat":[20,25],"product_tag":[],"class_list":{"0":"post-2504","1":"product","2":"type-product","3":"status-publish","4":"has-post-thumbnail","6":"product_cat-prestation","7":"product_cat-naturopathie","9":"entry","10":"has-media","12":"first","13":"instock","14":"shipping-taxable","15":"purchasable","16":"product-type-simple","17":"has-product-nav","18":"col","19":"span_1_of_3","20":"owp-content-center","21":"owp-thumbs-layout-horizontal","22":"owp-btn-normal","23":"owp-tabs-layout-horizontal","24":"has-no-thumbnails"},"_links":{"self":[{"href":"https:\/\/mavitalitude.fr\/cd\/wp-json\/wp\/v2\/product\/2504","targetHints":{"allow":["GET"]}}],"collection":[{"href":"https:\/\/mavitalitude.fr\/cd\/wp-json\/wp\/v2\/product"}],"about":[{"href":"https:\/\/mavitalitude.fr\/cd\/wp-json\/wp\/v2\/types\/product"}],"wp:featuredmedia":[{"embeddable":true,"href":"https:\/\/mavitalitude.fr\/cd\/wp-json\/wp\/v2\/media\/762"}],"wp:attachment":[{"href":"https:\/\/mavitalitude.fr\/cd\/wp-json\/wp\/v2\/media?parent=2504"}],"wp:term":[{"taxonomy":"product_brand","embeddable":true,"href":"https:\/\/mavitalitude.fr\/cd\/wp-json\/wp\/v2\/product_brand?post=2504"},{"taxonomy":"product_cat","embeddable":true,"href":"https:\/\/mavitalitude.fr\/cd\/wp-json\/wp\/v2\/product_cat?post=2504"},{"taxonomy":"product_tag","embeddable":true,"href":"https:\/\/mavitalitude.fr\/cd\/wp-json\/wp\/v2\/product_tag?post=2504"}],"curies":[{"name":"wp","href":"https:\/\/api.w.org\/{rel}","templated":true}]}}